{"id":4168,"date":"2017-07-02T02:37:11","date_gmt":"2017-07-02T02:37:11","guid":{"rendered":"http:\/\/businesslounge-elementor.rtthemes.com\/?page_id=4168"},"modified":"2021-12-01T13:14:25","modified_gmt":"2021-12-01T16:14:25","slug":"sobre","status":"publish","type":"page","link":"https:\/\/bayconnect.com.br\/index.php\/sobre\/","title":{"rendered":"Sobre N\u00f3s"},"content":{"rendered":"\t\t<div data-elementor-type=\"wp-page\" data-elementor-id=\"4168\" class=\"elementor elementor-4168\" data-elementor-settings=\"[]\">\n\t\t\t\t\t\t<div class=\"elementor-inner\">\n\t\t\t\t\t\t\t<div class=\"elementor-section-wrap\">\n\t\t\t\t\t\t\t<section class=\"elementor-section elementor-top-section elementor-element elementor-element-22cbea7 elementor-section-boxed elementor-section-height-default elementor-section-height-default default-style\" data-id=\"22cbea7\" data-element_type=\"section\" data-settings=\"{&quot;rt_color_sets&quot;:&quot;default-style&quot;}\">\n\t\t\t\t\t\t<div class=\"elementor-container elementor-column-gap-default\">\n\t\t\t\t\t\t\t<div class=\"elementor-row\">\n\t\t\t\t\t<div class=\"elementor-column elementor-col-50 elementor-top-column elementor-element elementor-element-c625c29\" data-id=\"c625c29\" data-element_type=\"column\">\n\t\t\t<div class=\"elementor-column-wrap elementor-element-populated\">\n\t\t\t\t\t\t\t<div class=\"elementor-widget-wrap\">\n\t\t\t\t\t\t<div class=\"elementor-element elementor-element-6c8d6df elementor-widget elementor-widget-image\" data-id=\"6c8d6df\" data-element_type=\"widget\" data-widget_type=\"image.default\">\n\t\t\t\t<div class=\"elementor-widget-container\">\n\t\t\t\t\t\t\t\t<div class=\"elementor-image\">\n\t\t\t\t\t\t\t\t\t\t\t\t<img loading=\"lazy\" width=\"1024\" height=\"683\" src=\"https:\/\/bayconnect.com.br\/wp-content\/uploads\/2021\/07\/close-up-optical-fiber-with-red-spots-1024x683.jpg\" class=\"attachment-large size-large\" alt=\"\" decoding=\"async\" srcset=\"https:\/\/bayconnect.com.br\/wp-content\/uploads\/2021\/07\/close-up-optical-fiber-with-red-spots-1024x683.jpg 1024w, https:\/\/bayconnect.com.br\/wp-content\/uploads\/2021\/07\/close-up-optical-fiber-with-red-spots-300x200.jpg 300w, https:\/\/bayconnect.com.br\/wp-content\/uploads\/2021\/07\/close-up-optical-fiber-with-red-spots-768x512.jpg 768w, https:\/\/bayconnect.com.br\/wp-content\/uploads\/2021\/07\/close-up-optical-fiber-with-red-spots-1536x1024.jpg 1536w, https:\/\/bayconnect.com.br\/wp-content\/uploads\/2021\/07\/close-up-optical-fiber-with-red-spots-2048x1365.jpg 2048w\" sizes=\"(max-width: 1024px) 100vw, 1024px\" \/>\t\t\t\t\t\t\t\t\t\t\t\t\t\t<\/div>\n\t\t\t\t\t\t<\/div>\n\t\t\t\t<\/div>\n\t\t\t\t\t\t<\/div>\n\t\t\t\t\t<\/div>\n\t\t<\/div>\n\t\t\t\t<div class=\"elementor-column elementor-col-50 elementor-top-column elementor-element elementor-element-5670376\" data-id=\"5670376\" data-element_type=\"column\">\n\t\t\t<div class=\"elementor-column-wrap elementor-element-populated\">\n\t\t\t\t\t\t\t<div class=\"elementor-widget-wrap\">\n\t\t\t\t\t\t<div class=\"elementor-element elementor-element-f275df4 elementor-headline--style-highlight elementor-widget elementor-widget-animated-headline\" data-id=\"f275df4\" data-element_type=\"widget\" data-settings=\"{&quot;marker&quot;:&quot;double&quot;,&quot;highlighted_text&quot;:&quot;Fibra \\u00d3ptica &quot;,&quot;headline_style&quot;:&quot;highlight&quot;,&quot;loop&quot;:&quot;yes&quot;,&quot;highlight_animation_duration&quot;:1200,&quot;highlight_iteration_delay&quot;:8000}\" data-widget_type=\"animated-headline.default\">\n\t\t\t\t<div class=\"elementor-widget-container\">\n\t\t\t\t\t<h3 class=\"elementor-headline\">\n\t\t\t\t\t<span class=\"elementor-headline-plain-text elementor-headline-text-wrapper\">Oferecendo sempre o melhor da<\/span>\n\t\t\t\t<span class=\"elementor-headline-dynamic-wrapper elementor-headline-text-wrapper\">\n\t\t\t\t\t<span class=\"elementor-headline-dynamic-text elementor-headline-text-active\">Fibra \u00d3ptica <\/span>\n\t\t\t\t<\/span>\n\t\t\t\t\t<span class=\"elementor-headline-plain-text elementor-headline-text-wrapper\">para os nossos <b>clientes<\/b>!<\/span>\n\t\t\t\t\t<\/h3>\n\t\t\t\t<\/div>\n\t\t\t\t<\/div>\n\t\t\t\t\t\t<\/div>\n\t\t\t\t\t<\/div>\n\t\t<\/div>\n\t\t\t\t\t\t\t\t<\/div>\n\t\t\t\t\t<\/div>\n\t\t<\/section>\n\t\t\t\t<section class=\"elementor-section elementor-top-section elementor-element elementor-element-idxjalw elementor-section-boxed elementor-section-height-default elementor-section-height-default default-style\" data-id=\"idxjalw\" data-element_type=\"section\" data-settings=\"{&quot;rt_color_sets&quot;:&quot;default-style&quot;}\">\n\t\t\t\t\t\t<div class=\"elementor-container elementor-column-gap-default\">\n\t\t\t\t\t\t\t<div class=\"elementor-row\">\n\t\t\t\t\t<div class=\"elementor-column elementor-col-33 elementor-top-column elementor-element elementor-element-dd24902\" data-id=\"dd24902\" data-element_type=\"column\">\n\t\t\t<div class=\"elementor-column-wrap elementor-element-populated\">\n\t\t\t\t\t\t\t<div class=\"elementor-widget-wrap\">\n\t\t\t\t\t\t<div class=\"elementor-element elementor-element-f80d0f6 elementor-widget elementor-widget-rt-heading\" data-id=\"f80d0f6\" data-element_type=\"widget\" data-widget_type=\"rt-heading.default\">\n\t\t\t\t<div class=\"elementor-widget-container\">\n\t\t\t<div class=\"rt-heading-wrapper style-1\">\n\t\t\t\t\t\t<H4 class=\"rt-heading style-1\" >Um pouco de nossa hist\u00f3ria!<\/H4>\n\t\t\t\t\t<\/div>\t\t<\/div>\n\t\t\t\t<\/div>\n\t\t\t\t<div class=\"elementor-element elementor-element-e958a99 elementor-widget elementor-widget-text-editor\" data-id=\"e958a99\" data-element_type=\"widget\" data-widget_type=\"text-editor.default\">\n\t\t\t\t<div class=\"elementor-widget-container\">\n\t\t\t\t\t\t\t\t<div class=\"elementor-text-editor elementor-clearfix\">\n\t\t\t\t\t<p>A BAYCONNECT \u00e9 uma empresa que iniciou suas atividades com o intuito de prestar servi\u00e7os com excel\u00eancia no ramo de Internet Fibra \u00d3ptica.<\/p><p>Contamos com t\u00e9cnicos altamente treinados e capacitados, para solucionar qualquer problema com efici\u00eancia e rapidez.<\/p><p>Desde nossa cria\u00e7\u00e3o, seguimos nos especializando em diversos segmentos, como projetos de cidades digitais, interliga\u00e7\u00e3o de empresas (LAN to LAN) e entre outros.<\/p><p>Estamos sempre buscando novas tecnologias para melhorar a qualidade de nossos servi\u00e7os e com isto levando satisfa\u00e7\u00e3o \u00e0 nossos clientes, e agora entregando aos nossos clientes inova\u00e7\u00f5es em links dedicados, dando mais rapidez e conforto.<\/p>\t\t\t\t\t<\/div>\n\t\t\t\t\t\t<\/div>\n\t\t\t\t<\/div>\n\t\t\t\t\t\t<\/div>\n\t\t\t\t\t<\/div>\n\t\t<\/div>\n\t\t\t\t<div class=\"elementor-column elementor-col-33 elementor-top-column elementor-element elementor-element-crayjge elementor-invisible\" data-id=\"crayjge\" data-element_type=\"column\" data-settings=\"{&quot;animation&quot;:&quot;fadeIn&quot;}\">\n\t\t\t<div class=\"elementor-column-wrap elementor-element-populated\">\n\t\t\t\t\t\t\t<div class=\"elementor-widget-wrap\">\n\t\t\t\t\t\t<div class=\"elementor-element elementor-element-elfhcjk elementor-widget elementor-widget-rt-heading\" data-id=\"elfhcjk\" data-element_type=\"widget\" data-widget_type=\"rt-heading.default\">\n\t\t\t\t<div class=\"elementor-widget-container\">\n\t\t\t<div class=\"rt-heading-wrapper style-1\">\n\t\t\t\t\t\t<H4 class=\"rt-heading style-1\" >Filosofia da Empresa<\/H4>\n\t\t\t\t\t<\/div>\t\t<\/div>\n\t\t\t\t<\/div>\n\t\t\t\t<div class=\"elementor-element elementor-element-zkcy3fk elementor-widget elementor-widget-text-editor\" data-id=\"zkcy3fk\" data-element_type=\"widget\" data-widget_type=\"text-editor.default\">\n\t\t\t\t<div class=\"elementor-widget-container\">\n\t\t\t\t\t\t\t\t<div class=\"elementor-text-editor elementor-clearfix\">\n\t\t\t\t\t<p>Temos como filosofia principal o total e absoluto RESPEITO pelo cliente, n\u00e3o visando apenas a venda, mas em manter a qualidade dos produtos e servi\u00e7os no p\u00f3s-venda.<\/p>\t\t\t\t\t<\/div>\n\t\t\t\t\t\t<\/div>\n\t\t\t\t<\/div>\n\t\t\t\t\t\t<\/div>\n\t\t\t\t\t<\/div>\n\t\t<\/div>\n\t\t\t\t<div class=\"elementor-column elementor-col-33 elementor-top-column elementor-element elementor-element-jouidtz\" data-id=\"jouidtz\" data-element_type=\"column\">\n\t\t\t<div class=\"elementor-column-wrap elementor-element-populated\">\n\t\t\t\t\t\t\t<div class=\"elementor-widget-wrap\">\n\t\t\t\t\t\t<div class=\"elementor-element elementor-element-dhyok9q elementor-widget elementor-widget-rt-heading\" data-id=\"dhyok9q\" data-element_type=\"widget\" data-widget_type=\"rt-heading.default\">\n\t\t\t\t<div class=\"elementor-widget-container\">\n\t\t\t<div class=\"rt-heading-wrapper style-1\">\n\t\t\t\t\t\t<H4 class=\"rt-heading style-1\" >Nossa Pol\u00edtica de Qualidade<\/H4>\n\t\t\t\t\t<\/div>\t\t<\/div>\n\t\t\t\t<\/div>\n\t\t\t\t<div class=\"elementor-element elementor-element-q0ign5f elementor-widget elementor-widget-text-editor\" data-id=\"q0ign5f\" data-element_type=\"widget\" data-widget_type=\"text-editor.default\">\n\t\t\t\t<div class=\"elementor-widget-container\">\n\t\t\t\t\t\t\t\t<div class=\"elementor-text-editor elementor-clearfix\">\n\t\t\t\t\t<p>Nossa pol\u00edtica comercial fundamenta-se na aplica\u00e7\u00e3o de pre\u00e7os justos, competitivos e adequados a qualidade dos produtos e servi\u00e7os prestados, sendo ponto de honra a sustenta\u00e7\u00e3o de seus compromissos.<\/p><p>Garantir a solu\u00e7\u00e3o mais adequada que atenda as necessidades e requisitos dos nossos clientes, com agilidade, efici\u00eancia e comprometimento.<\/p><p>Envolver todos os colaboradores e parceiros na melhoria cont\u00ednua de compet\u00eancias, produtos e processos.<\/p>\t\t\t\t\t<\/div>\n\t\t\t\t\t\t<\/div>\n\t\t\t\t<\/div>\n\t\t\t\t\t\t<\/div>\n\t\t\t\t\t<\/div>\n\t\t<\/div>\n\t\t\t\t\t\t\t\t<\/div>\n\t\t\t\t\t<\/div>\n\t\t<\/section>\n\t\t\t\t\t\t<\/div>\n\t\t\t\t\t\t<\/div>\n\t\t\t\t\t<\/div>\n\t\t","protected":false},"excerpt":{"rendered":"<p>Oferecendo sempre o melhor da Fibra \u00d3ptica para os nossos clientes! Um pouco de nossa hist\u00f3ria! A BAYCONNECT \u00e9 uma empresa que iniciou suas atividades com o intuito de prestar servi\u00e7os com excel\u00eancia no ramo de Internet Fibra \u00d3ptica. Contamos com t\u00e9cnicos altamente treinados e capacitados, para solucionar qualquer problema com efici\u00eancia e rapidez. Desde [&hellip;]<\/p>\n","protected":false},"author":1,"featured_media":0,"parent":0,"menu_order":0,"comment_status":"closed","ping_status":"closed","template":"","meta":{"om_disable_all_campaigns":false,"_monsterinsights_skip_tracking":false,"_monsterinsights_sitenote_active":false,"_monsterinsights_sitenote_note":"","_monsterinsights_sitenote_category":0,"footnotes":""},"_links":{"self":[{"href":"https:\/\/bayconnect.com.br\/index.php\/wp-json\/wp\/v2\/pages\/4168"}],"collection":[{"href":"https:\/\/bayconnect.com.br\/index.php\/wp-json\/wp\/v2\/pages"}],"about":[{"href":"https:\/\/bayconnect.com.br\/index.php\/wp-json\/wp\/v2\/types\/page"}],"author":[{"embeddable":true,"href":"https:\/\/bayconnect.com.br\/index.php\/wp-json\/wp\/v2\/users\/1"}],"replies":[{"embeddable":true,"href":"https:\/\/bayconnect.com.br\/index.php\/wp-json\/wp\/v2\/comments?post=4168"}],"version-history":[{"count":7,"href":"https:\/\/bayconnect.com.br\/index.php\/wp-json\/wp\/v2\/pages\/4168\/revisions"}],"predecessor-version":[{"id":4734,"href":"https:\/\/bayconnect.com.br\/index.php\/wp-json\/wp\/v2\/pages\/4168\/revisions\/4734"}],"wp:attachment":[{"href":"https:\/\/bayconnect.com.br\/index.php\/wp-json\/wp\/v2\/media?parent=4168"}],"curies":[{"name":"wp","href":"https:\/\/api.w.org\/{rel}","templated":true}]}}