{"id":3967,"date":"2017-06-28T14:04:20","date_gmt":"2017-06-28T14:04:20","guid":{"rendered":"http:\/\/businesslounge-elementor.rtthemes.com\/?page_id=3967"},"modified":"2021-12-01T15:01:26","modified_gmt":"2021-12-01T18:01:26","slug":"cobertura","status":"publish","type":"page","link":"https:\/\/bayconnect.com.br\/index.php\/cobertura\/","title":{"rendered":"Cobertura Fibra \u00d3ptica"},"content":{"rendered":"\t\t<div data-elementor-type=\"wp-page\" data-elementor-id=\"3967\" class=\"elementor elementor-3967\" data-elementor-settings=\"[]\">\n\t\t\t\t\t\t<div class=\"elementor-inner\">\n\t\t\t\t\t\t\t<div class=\"elementor-section-wrap\">\n\t\t\t\t\t\t\t<section class=\"elementor-section elementor-top-section elementor-element elementor-element-0d91c78 elementor-section-boxed elementor-section-height-default elementor-section-height-default default-style\" data-id=\"0d91c78\" data-element_type=\"section\" data-settings=\"{&quot;rt_color_sets&quot;:&quot;default-style&quot;}\">\n\t\t\t\t\t\t<div class=\"elementor-container elementor-column-gap-default\">\n\t\t\t\t\t\t\t<div class=\"elementor-row\">\n\t\t\t\t\t<div class=\"elementor-column elementor-col-100 elementor-top-column elementor-element elementor-element-6f321ef\" data-id=\"6f321ef\" data-element_type=\"column\">\n\t\t\t<div class=\"elementor-column-wrap elementor-element-populated\">\n\t\t\t\t\t\t\t<div class=\"elementor-widget-wrap\">\n\t\t\t\t\t\t<div class=\"elementor-element elementor-element-3f832c6 elementor-widget elementor-widget-rt-tabs\" data-id=\"3f832c6\" data-element_type=\"widget\" data-widget_type=\"rt-tabs.default\">\n\t\t\t\t<div class=\"elementor-widget-container\">\n\t\t\t<div class=\"rt_tabs clearfix  tab-position-1 style-1\"  data-tab-position=\"tab-position-1\" data-tab-count=\"3\"><ul class=\"tab_nav hidden-xs\"><li class=\"tab_title  active with_icon\" id=\"tab-1-title\" data-tab-number=\"1\"><span class=\"fas fa-check-circle\"><\/span>M\u00e1rio Andreazza (Mutir\u00e3o)<\/li><li class=\"tab_title  with_icon\" id=\"tab-2-title\" data-tab-number=\"2\"><span class=\"fas fa-check-circle\"><\/span>Comercial Norte<\/li><li class=\"tab_title  with_icon\" id=\"tab-3-title\" data-tab-number=\"3\"><span class=\"fas fa-check-circle\"><\/span>Conjunto Mariz<\/li><\/ul><div class=\"tab_contents\"><div class=\"tab_content_wrapper animation active with_icon\" id=\"tab-1\" data-tab-content=\"1\">\n\t\t\t\t\t\t\t\t\t<div id=\"tab-1-inline-title\" class=\"tab_title visible-xs\" data-tab-number=\"1\"><span class=\"fas fa-check-circle\"><\/span>M\u00e1rio Andreazza (Mutir\u00e3o)<\/div>\n\t\t\t\t\t\t\t\t\t<div class=\"tab_content\"><div class=\"             qF0y9          Igw0E  Xf6Yq         eGOV_     ybXk5    _4EzTm                                                                                                              \"><div class=\"DMBLb\" tabindex=\"0\" role=\"listbox\"><div class=\"VdURK e9_tN JRTzd\"><div class=\"PaBnr  eFVJg\" tabindex=\"0\" role=\"listbox\"><div class=\"iXTil  QSWpz\"><div class=\"  _6FEQj CMoMH    RQUXn _8_yLp  \"><div class=\"ZyFrc\" tabindex=\"-1\" role=\"button\"><div class=\"             qF0y9          Igw0E     IwRSH        YBx95       _4EzTm                                                                                   XfCBB            g6RW6               \"><div class=\"_7UhW9   xLCgt      MMzan  KV-D4             p1tLr      hjZTB\">Cobertura para a Fibra \u00d3ptica 100% dispon\u00edvel em todo o M\u00e1rio Andreazza (Mutir\u00e3o).<\/div><\/div><\/div><\/div><\/div><\/div><\/div><\/div><\/div><div class=\"             qF0y9          Igw0E  Xf6Yq         eGOV_     ybXk5    _4EzTm                                                                                                              \"><div class=\"             qF0y9          Igw0E     IwRSH      eGOV_         _4EzTm    bkEs3                                    JI_ht                                                                      \">\u00a0<\/div><\/div><\/div>\n\t\t\t\t\t\t\t\t<\/div><div class=\"tab_content_wrapper animation with_icon\" id=\"tab-2\" data-tab-content=\"2\">\n\t\t\t\t\t\t\t\t\t<div id=\"tab-2-inline-title\" class=\"tab_title visible-xs\" data-tab-number=\"2\"><span class=\"fas fa-check-circle\"><\/span>Comercial Norte<\/div>\n\t\t\t\t\t\t\t\t\t<div class=\"tab_content\"><div class=\"             qF0y9          Igw0E  Xf6Yq         eGOV_     ybXk5    _4EzTm                                                                                                              \"><div class=\"DMBLb\" tabindex=\"0\" role=\"listbox\"><div class=\"VdURK e9_tN JRTzd\"><div class=\"PaBnr  eFVJg\" tabindex=\"0\" role=\"listbox\"><div class=\"iXTil  QSWpz\"><div class=\"  _6FEQj CMoMH    RQUXn _8_yLp  \"><div class=\"ZyFrc\" tabindex=\"-1\" role=\"button\"><div class=\"             qF0y9          Igw0E     IwRSH        YBx95       _4EzTm                                                                                   XfCBB            g6RW6               \"><div class=\"_7UhW9   xLCgt      MMzan  KV-D4             p1tLr      hjZTB\">Cobertura para a Fibra \u00d3ptica 100% dispon\u00edvel em todo o Comercial Norte.<\/div><\/div><\/div><\/div><\/div><\/div><\/div><\/div><\/div><\/div>\n\t\t\t\t\t\t\t\t<\/div><div class=\"tab_content_wrapper animation with_icon\" id=\"tab-3\" data-tab-content=\"3\">\n\t\t\t\t\t\t\t\t\t<div id=\"tab-3-inline-title\" class=\"tab_title visible-xs\" data-tab-number=\"3\"><span class=\"fas fa-check-circle\"><\/span>Conjunto Mariz<\/div>\n\t\t\t\t\t\t\t\t\t<div class=\"tab_content\"><div class=\"             qF0y9          Igw0E  Xf6Yq         eGOV_     ybXk5    _4EzTm                                                                                                              \"><div class=\"DMBLb\" tabindex=\"0\" role=\"listbox\"><div class=\"VdURK e9_tN JRTzd\"><div class=\"PaBnr  eFVJg\" tabindex=\"0\" role=\"listbox\"><div class=\"iXTil  QSWpz\"><div class=\"  _6FEQj CMoMH    RQUXn _8_yLp  \"><div class=\"ZyFrc\" tabindex=\"-1\" role=\"button\"><div class=\"             qF0y9          Igw0E     IwRSH        YBx95       _4EzTm                                                                                   XfCBB            g6RW6               \"><div class=\"_7UhW9   xLCgt      MMzan  KV-D4             p1tLr      hjZTB\">Cobertura para a Fibra \u00d3ptica 100% dispon\u00edvel em todo o Conjunto Mariz.<\/div><\/div><\/div><\/div><\/div><\/div><\/div><\/div><\/div><\/div>\n\t\t\t\t\t\t\t\t<\/div><\/div><\/div>\t\t<\/div>\n\t\t\t\t<\/div>\n\t\t\t\t<div class=\"elementor-element elementor-element-1107304 elementor-widget elementor-widget-hotspot\" data-id=\"1107304\" data-element_type=\"widget\" data-settings=\"{&quot;hotspot&quot;:[{&quot;_id&quot;:&quot;11fe16c&quot;,&quot;hotspot_label&quot;:&quot;M\\u00e1rio Andreazza&quot;,&quot;hotspot_custom_size&quot;:&quot;yes&quot;,&quot;hotspot_width&quot;:{&quot;unit&quot;:&quot;px&quot;,&quot;size&quot;:0,&quot;sizes&quot;:[]},&quot;hotspot_height&quot;:{&quot;unit&quot;:&quot;px&quot;,&quot;size&quot;:0,&quot;sizes&quot;:[]},&quot;hotspot_tooltip_content&quot;:&quot;&lt;p&gt;M\\u00e1rio Andreazza - Conex\\u00e3o 100% na Fibra \\u00d3ptica! &lt;a href=\\&quot;https:\\\/\\\/wa.me\\\/5583986386660\\&quot;&gt;&lt;strong&gt;Contrate j\\u00e1!&lt;\\\/strong&gt;\\u00a0&lt;\\\/a&gt;&lt;\\\/p&gt;&quot;,&quot;hotspot_offset_x&quot;:{&quot;unit&quot;:&quot;%&quot;,&quot;size&quot;:32,&quot;sizes&quot;:[]},&quot;hotspot_offset_y&quot;:{&quot;unit&quot;:&quot;%&quot;,&quot;size&quot;:20,&quot;sizes&quot;:[]},&quot;hotspot_link&quot;:{&quot;url&quot;:&quot;&quot;,&quot;is_external&quot;:&quot;&quot;,&quot;nofollow&quot;:&quot;&quot;,&quot;custom_attributes&quot;:&quot;&quot;},&quot;hotspot_icon&quot;:{&quot;value&quot;:&quot;&quot;,&quot;library&quot;:&quot;&quot;},&quot;hotspot_icon_position&quot;:null,&quot;hotspot_icon_spacing&quot;:null,&quot;hotspot_horizontal&quot;:&quot;left&quot;,&quot;hotspot_offset_x_tablet&quot;:{&quot;unit&quot;:&quot;px&quot;,&quot;size&quot;:&quot;&quot;,&quot;sizes&quot;:[]},&quot;hotspot_offset_x_mobile&quot;:{&quot;unit&quot;:&quot;px&quot;,&quot;size&quot;:&quot;&quot;,&quot;sizes&quot;:[]},&quot;hotspot_vertical&quot;:&quot;top&quot;,&quot;hotspot_offset_y_tablet&quot;:{&quot;unit&quot;:&quot;px&quot;,&quot;size&quot;:&quot;&quot;,&quot;sizes&quot;:[]},&quot;hotspot_offset_y_mobile&quot;:{&quot;unit&quot;:&quot;px&quot;,&quot;size&quot;:&quot;&quot;,&quot;sizes&quot;:[]},&quot;hotspot_tooltip_position&quot;:&quot;no&quot;,&quot;hotspot_position&quot;:null,&quot;hotspot_position_tablet&quot;:null,&quot;hotspot_position_mobile&quot;:null,&quot;hotspot_tooltip_width&quot;:null,&quot;hotspot_tooltip_width_tablet&quot;:null,&quot;hotspot_tooltip_width_mobile&quot;:null,&quot;hotspot_tooltip_text_wrap&quot;:null},{&quot;hotspot_label&quot;:&quot;Comercial Norte&quot;,&quot;hotspot_custom_size&quot;:&quot;yes&quot;,&quot;hotspot_width&quot;:{&quot;unit&quot;:&quot;px&quot;,&quot;size&quot;:0,&quot;sizes&quot;:[]},&quot;hotspot_height&quot;:{&quot;unit&quot;:&quot;px&quot;,&quot;size&quot;:0,&quot;sizes&quot;:[]},&quot;hotspot_tooltip_content&quot;:&quot;&lt;p&gt;Comercial Norte - Conex\\u00e3o 100% na Fibra \\u00d3ptica! &lt;a href=\\&quot;https:\\\/\\\/wa.me\\\/5583986386660\\&quot;&gt;&lt;strong&gt;Contrate j\\u00e1!&lt;\\\/strong&gt;\\u00a0&lt;\\\/a&gt;&lt;\\\/p&gt;&quot;,&quot;hotspot_offset_x&quot;:{&quot;unit&quot;:&quot;%&quot;,&quot;size&quot;:72,&quot;sizes&quot;:[]},&quot;hotspot_offset_y&quot;:{&quot;unit&quot;:&quot;%&quot;,&quot;size&quot;:46,&quot;sizes&quot;:[]},&quot;_id&quot;:&quot;d1a2568&quot;,&quot;hotspot_link&quot;:{&quot;url&quot;:&quot;&quot;,&quot;is_external&quot;:&quot;&quot;,&quot;nofollow&quot;:&quot;&quot;,&quot;custom_attributes&quot;:&quot;&quot;},&quot;hotspot_icon&quot;:{&quot;value&quot;:&quot;&quot;,&quot;library&quot;:&quot;&quot;},&quot;hotspot_icon_position&quot;:null,&quot;hotspot_icon_spacing&quot;:null,&quot;hotspot_horizontal&quot;:&quot;left&quot;,&quot;hotspot_offset_x_tablet&quot;:{&quot;unit&quot;:&quot;px&quot;,&quot;size&quot;:&quot;&quot;,&quot;sizes&quot;:[]},&quot;hotspot_offset_x_mobile&quot;:{&quot;unit&quot;:&quot;px&quot;,&quot;size&quot;:&quot;&quot;,&quot;sizes&quot;:[]},&quot;hotspot_vertical&quot;:&quot;top&quot;,&quot;hotspot_offset_y_tablet&quot;:{&quot;unit&quot;:&quot;px&quot;,&quot;size&quot;:&quot;&quot;,&quot;sizes&quot;:[]},&quot;hotspot_offset_y_mobile&quot;:{&quot;unit&quot;:&quot;px&quot;,&quot;size&quot;:&quot;&quot;,&quot;sizes&quot;:[]},&quot;hotspot_tooltip_position&quot;:&quot;no&quot;,&quot;hotspot_position&quot;:null,&quot;hotspot_position_tablet&quot;:null,&quot;hotspot_position_mobile&quot;:null,&quot;hotspot_tooltip_width&quot;:null,&quot;hotspot_tooltip_width_tablet&quot;:null,&quot;hotspot_tooltip_width_mobile&quot;:null,&quot;hotspot_tooltip_text_wrap&quot;:null},{&quot;hotspot_label&quot;:&quot;Conjunto Mariz&quot;,&quot;hotspot_custom_size&quot;:&quot;yes&quot;,&quot;hotspot_width&quot;:{&quot;unit&quot;:&quot;px&quot;,&quot;size&quot;:0,&quot;sizes&quot;:[]},&quot;hotspot_height&quot;:{&quot;unit&quot;:&quot;px&quot;,&quot;size&quot;:0,&quot;sizes&quot;:[]},&quot;hotspot_tooltip_content&quot;:&quot;&lt;p&gt;Conjunto Mariz - Conex\\u00e3o 100% na Fibra \\u00d3ptica! &lt;a href=\\&quot;https:\\\/\\\/wa.me\\\/5583986386660\\&quot;&gt;&lt;strong&gt;Contrate j\\u00e1!&lt;\\\/strong&gt;\\u00a0&lt;\\\/a&gt;&lt;\\\/p&gt;&quot;,&quot;hotspot_offset_x&quot;:{&quot;unit&quot;:&quot;%&quot;,&quot;size&quot;:41,&quot;sizes&quot;:[]},&quot;hotspot_offset_y&quot;:{&quot;unit&quot;:&quot;%&quot;,&quot;size&quot;:62,&quot;sizes&quot;:[]},&quot;_id&quot;:&quot;db608d6&quot;,&quot;hotspot_link&quot;:{&quot;url&quot;:&quot;&quot;,&quot;is_external&quot;:&quot;&quot;,&quot;nofollow&quot;:&quot;&quot;,&quot;custom_attributes&quot;:&quot;&quot;},&quot;hotspot_icon&quot;:{&quot;value&quot;:&quot;&quot;,&quot;library&quot;:&quot;&quot;},&quot;hotspot_icon_position&quot;:null,&quot;hotspot_icon_spacing&quot;:null,&quot;hotspot_horizontal&quot;:&quot;left&quot;,&quot;hotspot_offset_x_tablet&quot;:{&quot;unit&quot;:&quot;px&quot;,&quot;size&quot;:&quot;&quot;,&quot;sizes&quot;:[]},&quot;hotspot_offset_x_mobile&quot;:{&quot;unit&quot;:&quot;px&quot;,&quot;size&quot;:&quot;&quot;,&quot;sizes&quot;:[]},&quot;hotspot_vertical&quot;:&quot;top&quot;,&quot;hotspot_offset_y_tablet&quot;:{&quot;unit&quot;:&quot;px&quot;,&quot;size&quot;:&quot;&quot;,&quot;sizes&quot;:[]},&quot;hotspot_offset_y_mobile&quot;:{&quot;unit&quot;:&quot;px&quot;,&quot;size&quot;:&quot;&quot;,&quot;sizes&quot;:[]},&quot;hotspot_tooltip_position&quot;:&quot;no&quot;,&quot;hotspot_position&quot;:null,&quot;hotspot_position_tablet&quot;:null,&quot;hotspot_position_mobile&quot;:null,&quot;hotspot_tooltip_width&quot;:null,&quot;hotspot_tooltip_width_tablet&quot;:null,&quot;hotspot_tooltip_width_mobile&quot;:null,&quot;hotspot_tooltip_text_wrap&quot;:null}],&quot;tooltip_trigger&quot;:&quot;mouseenter&quot;,&quot;hotspot_sequenced_animation&quot;:&quot;no&quot;,&quot;tooltip_position&quot;:&quot;top&quot;,&quot;tooltip_animation&quot;:&quot;e-hotspot--fade-in-out&quot;}\" data-widget_type=\"hotspot.default\">\n\t\t\t\t<div class=\"elementor-widget-container\">\n\t\t\t\t\t<img loading=\"lazy\" width=\"768\" height=\"625\" src=\"https:\/\/bayconnect.com.br\/wp-content\/uploads\/2021\/12\/2-768x625.png\" class=\"attachment-medium_large size-medium_large\" alt=\"\" decoding=\"async\" srcset=\"https:\/\/bayconnect.com.br\/wp-content\/uploads\/2021\/12\/2-768x625.png 768w, https:\/\/bayconnect.com.br\/wp-content\/uploads\/2021\/12\/2-300x244.png 300w, https:\/\/bayconnect.com.br\/wp-content\/uploads\/2021\/12\/2-1024x833.png 1024w, https:\/\/bayconnect.com.br\/wp-content\/uploads\/2021\/12\/2-600x488.png 600w, https:\/\/bayconnect.com.br\/wp-content\/uploads\/2021\/12\/2.png 1200w\" sizes=\"(max-width: 768px) 100vw, 768px\" \/>\n\t\t\t\t\n\t\t\t\t\t\t<div class=\"e-hotspot elementor-repeater-item-11fe16c  e-hotspot--position-left e-hotspot--position-top \">\n\n\t\t\t\t\t\t\t\t<div class=\"e-hotspot__button e-hotspot--expand\">\n\t\t\t\t\t\t\t\t\t\t\t\t\t\t\t\t\t\t\t\t\t\t\t\t<div class=\"e-hotspot__label\">M\u00e1rio Andreazza<\/div>\n\t\t\t\t\t\t\t\t\t\t\t\t\t\t\t<\/div>\n\n\t\t\t\t\t\t\t\t\t\t\t\t\t\t\t\t\t\t<div class=\"e-hotspot__tooltip  e-hotspot--tooltip-position e-hotspot--fade-in-out \" >\n\t\t\t\t\t\t<p>M\u00e1rio Andreazza - Conex\u00e3o 100% na Fibra \u00d3ptica! <a href=\"https:\/\/wa.me\/5583986386660\"><strong>Contrate j\u00e1!<\/strong>\u00a0<\/a><\/p>\t\t\t\t\t<\/div>\n\t\t\t\t\t\t\t\t\t\n\t\t\t<\/div>\n\n\t\n\t\t\t\t\t\t<div class=\"e-hotspot elementor-repeater-item-d1a2568  e-hotspot--position-left e-hotspot--position-top \">\n\n\t\t\t\t\t\t\t\t<div class=\"e-hotspot__button e-hotspot--expand\">\n\t\t\t\t\t\t\t\t\t\t\t\t\t\t\t\t\t\t\t\t\t\t\t\t<div class=\"e-hotspot__label\">Comercial Norte<\/div>\n\t\t\t\t\t\t\t\t\t\t\t\t\t\t\t<\/div>\n\n\t\t\t\t\t\t\t\t\t\t\t\t\t\t\t\t\t\t<div class=\"e-hotspot__tooltip  e-hotspot--tooltip-position e-hotspot--fade-in-out \" >\n\t\t\t\t\t\t<p>Comercial Norte - Conex\u00e3o 100% na Fibra \u00d3ptica! <a href=\"https:\/\/wa.me\/5583986386660\"><strong>Contrate j\u00e1!<\/strong>\u00a0<\/a><\/p>\t\t\t\t\t<\/div>\n\t\t\t\t\t\t\t\t\t\n\t\t\t<\/div>\n\n\t\n\t\t\t\t\t\t<div class=\"e-hotspot elementor-repeater-item-db608d6  e-hotspot--position-left e-hotspot--position-top \">\n\n\t\t\t\t\t\t\t\t<div class=\"e-hotspot__button e-hotspot--expand\">\n\t\t\t\t\t\t\t\t\t\t\t\t\t\t\t\t\t\t\t\t\t\t\t\t<div class=\"e-hotspot__label\">Conjunto Mariz<\/div>\n\t\t\t\t\t\t\t\t\t\t\t\t\t\t\t<\/div>\n\n\t\t\t\t\t\t\t\t\t\t\t\t\t\t\t\t\t\t<div class=\"e-hotspot__tooltip  e-hotspot--tooltip-position e-hotspot--fade-in-out \" >\n\t\t\t\t\t\t<p>Conjunto Mariz - Conex\u00e3o 100% na Fibra \u00d3ptica! <a href=\"https:\/\/wa.me\/5583986386660\"><strong>Contrate j\u00e1!<\/strong>\u00a0<\/a><\/p>\t\t\t\t\t<\/div>\n\t\t\t\t\t\t\t\t\t\n\t\t\t<\/div>\n\n\t\n\t\t\t\t<\/div>\n\t\t\t\t<\/div>\n\t\t\t\t\t\t<\/div>\n\t\t\t\t\t<\/div>\n\t\t<\/div>\n\t\t\t\t\t\t\t\t<\/div>\n\t\t\t\t\t<\/div>\n\t\t<\/section>\n\t\t\t\t<section class=\"elementor-section elementor-top-section elementor-element elementor-element-2cf8622 elementor-section-boxed elementor-section-height-default elementor-section-height-default default-style\" data-id=\"2cf8622\" data-element_type=\"section\" data-settings=\"{&quot;rt_color_sets&quot;:&quot;default-style&quot;}\">\n\t\t\t\t\t\t<div class=\"elementor-container elementor-column-gap-default\">\n\t\t\t\t\t\t\t<div class=\"elementor-row\">\n\t\t\t\t\t<div class=\"elementor-column elementor-col-50 elementor-top-column elementor-element elementor-element-248a251\" data-id=\"248a251\" data-element_type=\"column\">\n\t\t\t<div class=\"elementor-column-wrap elementor-element-populated\">\n\t\t\t\t\t\t\t<div class=\"elementor-widget-wrap\">\n\t\t\t\t\t\t<div class=\"elementor-element elementor-element-8572681 elementor-headline--style-highlight elementor-widget elementor-widget-animated-headline\" data-id=\"8572681\" data-element_type=\"widget\" data-settings=\"{&quot;marker&quot;:&quot;double&quot;,&quot;highlighted_text&quot;:&quot;Contate-nos \\u279c&quot;,&quot;headline_style&quot;:&quot;highlight&quot;,&quot;loop&quot;:&quot;yes&quot;,&quot;highlight_animation_duration&quot;:1200,&quot;highlight_iteration_delay&quot;:8000}\" data-widget_type=\"animated-headline.default\">\n\t\t\t\t<div class=\"elementor-widget-container\">\n\t\t\t\t\t<h3 class=\"elementor-headline\">\n\t\t\t\t<span class=\"elementor-headline-dynamic-wrapper elementor-headline-text-wrapper\">\n\t\t\t\t\t<span class=\"elementor-headline-dynamic-text elementor-headline-text-active\">Contate-nos \u279c<\/span>\n\t\t\t\t<\/span>\n\t\t\t\t<\/h3>\n\t\t\t\t<\/div>\n\t\t\t\t<\/div>\n\t\t\t\t\t\t<\/div>\n\t\t\t\t\t<\/div>\n\t\t<\/div>\n\t\t\t\t<div class=\"elementor-column elementor-col-50 elementor-top-column elementor-element elementor-element-babe376\" data-id=\"babe376\" data-element_type=\"column\">\n\t\t\t<div class=\"elementor-column-wrap elementor-element-populated\">\n\t\t\t\t\t\t\t<div class=\"elementor-widget-wrap\">\n\t\t\t\t\t\t<div class=\"elementor-element elementor-element-9385e52 elementor-shape-rounded elementor-grid-0 e-grid-align-center elementor-widget elementor-widget-social-icons\" data-id=\"9385e52\" data-element_type=\"widget\" data-widget_type=\"social-icons.default\">\n\t\t\t\t<div class=\"elementor-widget-container\">\n\t\t\t\t\t<div class=\"elementor-social-icons-wrapper elementor-grid\">\n\t\t\t\t\t\t\t<div class=\"elementor-grid-item\">\n\t\t\t\t\t<a class=\"elementor-icon elementor-social-icon elementor-social-icon-instagram elementor-repeater-item-bd689af\" href=\"https:\/\/www.instagram.com\/bayconnectfibra\/\" target=\"_blank\">\n\t\t\t\t\t\t<span class=\"elementor-screen-only\">Instagram<\/span>\n\t\t\t\t\t\t<i class=\"fab fa-instagram\"><\/i>\t\t\t\t\t<\/a>\n\t\t\t\t<\/div>\n\t\t\t\t\t\t\t<div class=\"elementor-grid-item\">\n\t\t\t\t\t<a class=\"elementor-icon elementor-social-icon elementor-social-icon-facebook elementor-repeater-item-1885ab7\" href=\"https:\/\/m.facebook.com\/bayconnectfibra\/?tsid=0.5947304351574523&#038;source=result\" target=\"_blank\">\n\t\t\t\t\t\t<span class=\"elementor-screen-only\">Facebook<\/span>\n\t\t\t\t\t\t<i class=\"fab fa-facebook\"><\/i>\t\t\t\t\t<\/a>\n\t\t\t\t<\/div>\n\t\t\t\t\t\t\t<div class=\"elementor-grid-item\">\n\t\t\t\t\t<a class=\"elementor-icon elementor-social-icon elementor-social-icon-whatsapp elementor-repeater-item-dbe29ca\" href=\"https:\/\/api.whatsapp.com\/message\/RON5Z7PMJ6T4E1\" target=\"_blank\">\n\t\t\t\t\t\t<span class=\"elementor-screen-only\">Whatsapp<\/span>\n\t\t\t\t\t\t<i class=\"fab fa-whatsapp\"><\/i>\t\t\t\t\t<\/a>\n\t\t\t\t<\/div>\n\t\t\t\t\t<\/div>\n\t\t\t\t<\/div>\n\t\t\t\t<\/div>\n\t\t\t\t\t\t<\/div>\n\t\t\t\t\t<\/div>\n\t\t<\/div>\n\t\t\t\t\t\t\t\t<\/div>\n\t\t\t\t\t<\/div>\n\t\t<\/section>\n\t\t\t\t\t\t<\/div>\n\t\t\t\t\t\t<\/div>\n\t\t\t\t\t<\/div>\n\t\t","protected":false},"excerpt":{"rendered":"<p>EU Technology Summit Organization Organization Donec porta tortor eget eros finibus, finibus hendrerit elit venenatis faucibus orci luctus et ultrices posuere. Tech Drones Lansman Lansman Sed risus tellus, malesuada et accumsan vitae, aliquet eget nisl. Duis semper quis neque a sollicitudin. ABC Bank Staff Training Training Sed risus tellus, malesuada et accumsan vitae, aliquet eget [&hellip;]<\/p>\n","protected":false},"author":1,"featured_media":0,"parent":0,"menu_order":0,"comment_status":"closed","ping_status":"closed","template":"","meta":{"om_disable_all_campaigns":false,"_monsterinsights_skip_tracking":false,"_monsterinsights_sitenote_active":false,"_monsterinsights_sitenote_note":"","_monsterinsights_sitenote_category":0,"footnotes":""},"_links":{"self":[{"href":"https:\/\/bayconnect.com.br\/index.php\/wp-json\/wp\/v2\/pages\/3967"}],"collection":[{"href":"https:\/\/bayconnect.com.br\/index.php\/wp-json\/wp\/v2\/pages"}],"about":[{"href":"https:\/\/bayconnect.com.br\/index.php\/wp-json\/wp\/v2\/types\/page"}],"author":[{"embeddable":true,"href":"https:\/\/bayconnect.com.br\/index.php\/wp-json\/wp\/v2\/users\/1"}],"replies":[{"embeddable":true,"href":"https:\/\/bayconnect.com.br\/index.php\/wp-json\/wp\/v2\/comments?post=3967"}],"version-history":[{"count":16,"href":"https:\/\/bayconnect.com.br\/index.php\/wp-json\/wp\/v2\/pages\/3967\/revisions"}],"predecessor-version":[{"id":4817,"href":"https:\/\/bayconnect.com.br\/index.php\/wp-json\/wp\/v2\/pages\/3967\/revisions\/4817"}],"wp:attachment":[{"href":"https:\/\/bayconnect.com.br\/index.php\/wp-json\/wp\/v2\/media?parent=3967"}],"curies":[{"name":"wp","href":"https:\/\/api.w.org\/{rel}","templated":true}]}}